{"id":1222,"date":"2020-04-29T14:23:44","date_gmt":"2020-04-29T12:23:44","guid":{"rendered":"https:\/\/vichot.com\/?page_id=1222"},"modified":"2020-05-11T11:24:51","modified_gmt":"2020-05-11T09:24:51","slug":"news-archives","status":"publish","type":"page","link":"https:\/\/vichot.com\/en\/news-archives\/","title":{"rendered":"News &#8211; archives"},"content":{"rendered":"<div data-elementor-type=\"wp-page\" data-elementor-id=\"1222\" class=\"elementor elementor-1222\" data-elementor-post-type=\"page\">\n\t\t\t\t\t\t<section class=\"elementor-section elementor-top-section elementor-element elementor-element-79048a65 elementor-section-stretched elementor-section-full_width elementor-section-height-default elementor-section-height-default\" data-id=\"79048a65\" data-element_type=\"section\" data-e-type=\"section\" data-settings=\"{&quot;stretch_section&quot;:&quot;section-stretched&quot;}\">\n\t\t\t\t\t\t<div class=\"elementor-container elementor-column-gap-no\">\n\t\t\t\t\t<div class=\"elementor-column elementor-col-33 elementor-top-column elementor-element elementor-element-15a4d757\" data-id=\"15a4d757\" data-element_type=\"column\" data-e-type=\"column\">\n\t\t\t<div class=\"elementor-widget-wrap elementor-element-populated\">\n\t\t\t\t\t\t<div class=\"elementor-element elementor-element-6ce052b4 elementor-view-default elementor-widget elementor-widget-icon\" data-id=\"6ce052b4\" data-element_type=\"widget\" data-e-type=\"widget\" data-widget_type=\"icon.default\">\n\t\t\t\t<div class=\"elementor-widget-container\">\n\t\t\t\t\t\t\t<div class=\"elementor-icon-wrapper\">\n\t\t\t<a class=\"elementor-icon\" href=\"#elementor-action%3Aaction%3Dpopup%3Aopen%26settings%3DeyJpZCI6IjIyMyIsInRvZ2dsZSI6dHJ1ZX0%3D\">\n\t\t\t<svg xmlns=\"http:\/\/www.w3.org\/2000\/svg\" id=\"Layer_1\" data-name=\"Layer 1\" viewbox=\"0 0 203 137\"><defs><style>.cls-1{fill:none;stroke:#000;stroke-miterlimit:10;stroke-width:4px;}<\/style><\/defs><title>Artboard 1<\/title><line class=\"cls-1\" x1=\"36.88\" y1=\"26.22\" x2=\"154.88\" y2=\"25.9\"><\/line><line class=\"cls-1\" x1=\"36.88\" y1=\"59.22\" x2=\"154.88\" y2=\"58.9\"><\/line><line class=\"cls-1\" x1=\"36.88\" y1=\"92.22\" x2=\"154.88\" y2=\"91.9\"><\/line><\/svg>\t\t\t<\/a>\n\t\t<\/div>\n\t\t\t\t\t\t<\/div>\n\t\t\t\t<\/div>\n\t\t\t\t\t<\/div>\n\t\t<\/div>\n\t\t\t\t<div class=\"elementor-column elementor-col-66 elementor-top-column elementor-element elementor-element-9656397\" data-id=\"9656397\" data-element_type=\"column\" data-e-type=\"column\">\n\t\t\t<div class=\"elementor-widget-wrap elementor-element-populated\">\n\t\t\t\t\t\t<div class=\"elementor-element elementor-element-3630a937 animated-slow elementor-widget__width-initial elementor-widget-tablet__width-initial elementor-widget-mobile__width-initial elementor-widget elementor-widget-heading\" data-id=\"3630a937\" data-element_type=\"widget\" data-e-type=\"widget\" data-settings=\"{&quot;_animation&quot;:&quot;none&quot;}\" data-widget_type=\"heading.default\">\n\t\t\t\t<div class=\"elementor-widget-container\">\n\t\t\t\t\t<h2 class=\"elementor-heading-title elementor-size-default\">PHILIPPE VICHOT - ANTIQUE DEALER<\/h2>\t\t\t\t<\/div>\n\t\t\t\t<\/div>\n\t\t\t\t\t<\/div>\n\t\t<\/div>\n\t\t\t\t\t<\/div>\n\t\t<\/section>\n\t\t\t\t<section class=\"elementor-section elementor-top-section elementor-element elementor-element-69fcc5b9 elementor-section-stretched elementor-section-full_width elementor-section-height-default elementor-section-height-default\" data-id=\"69fcc5b9\" data-element_type=\"section\" data-e-type=\"section\" data-settings=\"{&quot;stretch_section&quot;:&quot;section-stretched&quot;}\">\n\t\t\t\t\t\t<div class=\"elementor-container elementor-column-gap-default\">\n\t\t\t\t\t<div class=\"elementor-column elementor-col-33 elementor-top-column elementor-element elementor-element-7343abb5\" data-id=\"7343abb5\" data-element_type=\"column\" data-e-type=\"column\">\n\t\t\t<div class=\"elementor-widget-wrap\">\n\t\t\t\t\t\t\t<\/div>\n\t\t<\/div>\n\t\t\t\t<div class=\"elementor-column elementor-col-66 elementor-top-column elementor-element elementor-element-22a34b78\" data-id=\"22a34b78\" data-element_type=\"column\" data-e-type=\"column\">\n\t\t\t<div class=\"elementor-widget-wrap elementor-element-populated\">\n\t\t\t\t\t\t<div class=\"elementor-element elementor-element-33e015a elementor-view-default elementor-widget elementor-widget-icon\" data-id=\"33e015a\" data-element_type=\"widget\" data-e-type=\"widget\" data-widget_type=\"icon.default\">\n\t\t\t\t<div class=\"elementor-widget-container\">\n\t\t\t\t\t\t\t<div class=\"elementor-icon-wrapper\">\n\t\t\t<a class=\"elementor-icon\" href=\"\">\n\t\t\t<svg xmlns=\"http:\/\/www.w3.org\/2000\/svg\" id=\"Layer_1\" data-name=\"Layer 1\" viewbox=\"0 0 122.61 111.63\"><defs><style>.cls-1{fill:none;stroke:#000;stroke-miterlimit:10;stroke-width:4px;}<\/style><\/defs><title>Menu<\/title><polyline class=\"cls-1\" points=\"121.77 1.82 4.77 55.82 121.77 109.82\"><\/polyline><\/svg>\t\t\t<\/a>\n\t\t<\/div>\n\t\t\t\t\t\t<\/div>\n\t\t\t\t<\/div>\n\t\t\t\t\t<\/div>\n\t\t<\/div>\n\t\t\t\t\t<\/div>\n\t\t<\/section>\n\t\t\t\t<section class=\"elementor-section elementor-top-section elementor-element elementor-element-5a18bbc9 elementor-section-stretched elementor-section-full_width elementor-section-height-default elementor-section-height-default\" data-id=\"5a18bbc9\" data-element_type=\"section\" data-e-type=\"section\" data-settings=\"{&quot;stretch_section&quot;:&quot;section-stretched&quot;}\">\n\t\t\t\t\t\t<div class=\"elementor-container elementor-column-gap-default\">\n\t\t\t\t\t<div class=\"elementor-column elementor-col-100 elementor-top-column elementor-element elementor-element-30781a1a\" data-id=\"30781a1a\" data-element_type=\"column\" data-e-type=\"column\">\n\t\t\t<div class=\"elementor-widget-wrap elementor-element-populated\">\n\t\t\t\t\t\t<div class=\"elementor-element elementor-element-2bfdd2be elementor-widget__width-initial elementor-widget-tablet__width-initial elementor-widget-mobile__width-initial elementor-invisible elementor-widget elementor-widget-heading\" data-id=\"2bfdd2be\" data-element_type=\"widget\" data-e-type=\"widget\" data-settings=\"{&quot;_animation&quot;:&quot;fadeInLeft&quot;}\" data-widget_type=\"heading.default\">\n\t\t\t\t<div class=\"elementor-widget-container\">\n\t\t\t\t\t<h3 class=\"elementor-heading-title elementor-size-default\">News - archives<\/h3>\t\t\t\t<\/div>\n\t\t\t\t<\/div>\n\t\t\t\t\t<\/div>\n\t\t<\/div>\n\t\t\t\t\t<\/div>\n\t\t<\/section>\n\t\t\t\t<section class=\"elementor-section elementor-top-section elementor-element elementor-element-627b905f elementor-section-stretched elementor-section-full_width elementor-section-height-default elementor-section-height-default\" data-id=\"627b905f\" data-element_type=\"section\" data-e-type=\"section\" data-settings=\"{&quot;stretch_section&quot;:&quot;section-stretched&quot;}\">\n\t\t\t\t\t\t<div class=\"elementor-container elementor-column-gap-default\">\n\t\t\t\t\t<div class=\"elementor-column elementor-col-100 elementor-top-column elementor-element elementor-element-50473dc9\" data-id=\"50473dc9\" data-element_type=\"column\" data-e-type=\"column\">\n\t\t\t<div class=\"elementor-widget-wrap elementor-element-populated\">\n\t\t\t\t\t\t<div class=\"elementor-element elementor-element-93b1a88 elementor-grid-4 elementor-grid-tablet-2 elementor-grid-mobile-1 elementor-posts--thumbnail-top elementor-widget elementor-widget-posts\" data-id=\"93b1a88\" data-element_type=\"widget\" data-e-type=\"widget\" data-settings=\"{&quot;classic_columns&quot;:&quot;4&quot;,&quot;classic_row_gap&quot;:{&quot;unit&quot;:&quot;px&quot;,&quot;size&quot;:30,&quot;sizes&quot;:[]},&quot;classic_columns_tablet&quot;:&quot;2&quot;,&quot;classic_columns_mobile&quot;:&quot;1&quot;,&quot;classic_row_gap_tablet&quot;:{&quot;unit&quot;:&quot;px&quot;,&quot;size&quot;:&quot;&quot;,&quot;sizes&quot;:[]},&quot;classic_row_gap_mobile&quot;:{&quot;unit&quot;:&quot;px&quot;,&quot;size&quot;:&quot;&quot;,&quot;sizes&quot;:[]}}\" data-widget_type=\"posts.classic\">\n\t\t\t\t<div class=\"elementor-widget-container\">\n\t\t\t\t\t\t\t<div class=\"elementor-posts-container elementor-posts elementor-posts--skin-classic elementor-grid\">\n\t\t\t\t<article class=\"elementor-post elementor-grid-item post-1200 post type-post status-publish format-standard has-post-thumbnail hentry category-news\">\n\t\t\t\t<a class=\"elementor-post__thumbnail__link\" href=\"https:\/\/vichot.com\/en\/atterrissage-perilleux-dun-avion-broussard-sur-le-tarmac-de-la-galerie\/\" tabindex=\"-1\" >\n\t\t\t<div class=\"elementor-post__thumbnail\"><img fetchpriority=\"high\" decoding=\"async\" width=\"300\" height=\"225\" src=\"https:\/\/vichot.com\/wp-content\/uploads\/2020\/04\/1-Broussard-MH1521-VICHOT-300x225.jpg\" class=\"attachment-medium size-medium wp-image-1201\" alt=\"Broussard _ Vichot\" srcset=\"https:\/\/vichot.com\/wp-content\/uploads\/2020\/04\/1-Broussard-MH1521-VICHOT-300x225.jpg 300w, https:\/\/vichot.com\/wp-content\/uploads\/2020\/04\/1-Broussard-MH1521-VICHOT.jpg 640w\" sizes=\"(max-width: 300px) 100vw, 300px\" \/><\/div>\n\t\t<\/a>\n\t\t\t\t<div class=\"elementor-post__text\">\n\t\t\t\t<h3 class=\"elementor-post__title\">\n\t\t\t<a href=\"https:\/\/vichot.com\/en\/atterrissage-perilleux-dun-avion-broussard-sur-le-tarmac-de-la-galerie\/\" >\n\t\t\t\tAtterrissage p\u00e9rilleux d\u2019un avion Broussard sur le tarmac de la galerie !\t\t\t<\/a>\n\t\t<\/h3>\n\t\t\t\t<div class=\"elementor-post__meta-data\">\n\t\t\t\t\t<span class=\"elementor-post-date\">\n\t\t\t29\/04\/2020\t\t<\/span>\n\t\t\t\t<\/div>\n\t\t\t\t<div class=\"elementor-post__excerpt\">\n\t\t\t<p>En qu\u00eate perp\u00e9tuelle du nouvel objet qui nous fera frissonner, Philippe Vichot acquiert un avion MAX-HOLSTE MH-1521 Broussard. Le n\u00b024 d\u2019une production totale de 396<\/p>\n\t\t<\/div>\n\t\t\n\t\t<a class=\"elementor-post__read-more\" href=\"https:\/\/vichot.com\/en\/atterrissage-perilleux-dun-avion-broussard-sur-le-tarmac-de-la-galerie\/\" aria-label=\"Read more about Atterrissage p\u00e9rilleux d\u2019un avion Broussard sur le tarmac de la galerie !\" tabindex=\"-1\" >\n\t\t\tLire plus \u00bb\t\t<\/a>\n\n\t\t\t\t<\/div>\n\t\t\t\t<\/article>\n\t\t\t\t<article class=\"elementor-post elementor-grid-item post-1203 post type-post status-publish format-standard has-post-thumbnail hentry category-news\">\n\t\t\t\t<a class=\"elementor-post__thumbnail__link\" href=\"https:\/\/vichot.com\/en\/hommage-au-comte-patrice-de-vogue\/\" tabindex=\"-1\" >\n\t\t\t<div class=\"elementor-post__thumbnail\"><img decoding=\"async\" width=\"300\" height=\"87\" src=\"https:\/\/vichot.com\/wp-content\/uploads\/2020\/04\/2-Hommage-Comte-de-Vogue-image-300x87.png\" class=\"attachment-medium size-medium wp-image-1204\" alt=\"\" srcset=\"https:\/\/vichot.com\/wp-content\/uploads\/2020\/04\/2-Hommage-Comte-de-Vogue-image-300x87.png 300w, https:\/\/vichot.com\/wp-content\/uploads\/2020\/04\/2-Hommage-Comte-de-Vogue-image-768x222.png 768w, https:\/\/vichot.com\/wp-content\/uploads\/2020\/04\/2-Hommage-Comte-de-Vogue-image.png 1232w\" sizes=\"(max-width: 300px) 100vw, 300px\" \/><\/div>\n\t\t<\/a>\n\t\t\t\t<div class=\"elementor-post__text\">\n\t\t\t\t<h3 class=\"elementor-post__title\">\n\t\t\t<a href=\"https:\/\/vichot.com\/en\/hommage-au-comte-patrice-de-vogue\/\" >\n\t\t\t\tHommage au Comte Patrice de Vog\u00fc\u00e9\t\t\t<\/a>\n\t\t<\/h3>\n\t\t\t\t<div class=\"elementor-post__meta-data\">\n\t\t\t\t\t<span class=\"elementor-post-date\">\n\t\t\t28\/04\/2020\t\t<\/span>\n\t\t\t\t<\/div>\n\t\t\t\t<div class=\"elementor-post__excerpt\">\n\t\t\t<p>La galerie tient \u00e0 rendre hommage au Comte Patrice de Vog\u00fc\u00e9, d\u00e9c\u00e9d\u00e9 le 19 mars. C\u2019est avec grande tristesse que nous avons appris sa disparition.<\/p>\n\t\t<\/div>\n\t\t\n\t\t<a class=\"elementor-post__read-more\" href=\"https:\/\/vichot.com\/en\/hommage-au-comte-patrice-de-vogue\/\" aria-label=\"Read more about Hommage au Comte Patrice de Vog\u00fc\u00e9\" tabindex=\"-1\" >\n\t\t\tLire plus \u00bb\t\t<\/a>\n\n\t\t\t\t<\/div>\n\t\t\t\t<\/article>\n\t\t\t\t<article class=\"elementor-post elementor-grid-item post-1206 post type-post status-publish format-standard has-post-thumbnail hentry category-news\">\n\t\t\t\t<a class=\"elementor-post__thumbnail__link\" href=\"https:\/\/vichot.com\/en\/tournage-secrets-dhistoire-lucrece-borgia\/\" tabindex=\"-1\" >\n\t\t\t<div class=\"elementor-post__thumbnail\"><img decoding=\"async\" width=\"300\" height=\"167\" src=\"https:\/\/vichot.com\/wp-content\/uploads\/2020\/04\/3-Tournage-Secrets-d-histoire-Lucrece-Borgia_video-300x167.png\" class=\"attachment-medium size-medium wp-image-1207\" alt=\"\" srcset=\"https:\/\/vichot.com\/wp-content\/uploads\/2020\/04\/3-Tournage-Secrets-d-histoire-Lucrece-Borgia_video-300x167.png 300w, https:\/\/vichot.com\/wp-content\/uploads\/2020\/04\/3-Tournage-Secrets-d-histoire-Lucrece-Borgia_video-768x426.png 768w, https:\/\/vichot.com\/wp-content\/uploads\/2020\/04\/3-Tournage-Secrets-d-histoire-Lucrece-Borgia_video.png 1162w\" sizes=\"(max-width: 300px) 100vw, 300px\" \/><\/div>\n\t\t<\/a>\n\t\t\t\t<div class=\"elementor-post__text\">\n\t\t\t\t<h3 class=\"elementor-post__title\">\n\t\t\t<a href=\"https:\/\/vichot.com\/en\/tournage-secrets-dhistoire-lucrece-borgia\/\" >\n\t\t\t\tTournage Secrets d&rsquo;histoire: Lucr\u00e8ce Borgia\t\t\t<\/a>\n\t\t<\/h3>\n\t\t\t\t<div class=\"elementor-post__meta-data\">\n\t\t\t\t\t<span class=\"elementor-post-date\">\n\t\t\t25\/04\/2020\t\t<\/span>\n\t\t\t\t<\/div>\n\t\t\t\t<div class=\"elementor-post__excerpt\">\n\t\t\t<p>Le 30 mars 2020, France 3 rediffuse l\u2019\u00e9mission \u00ab&nbsp;Secrets d\u2019Histoire&nbsp;\u00bb pr\u00e9sent\u00e9e par St\u00e9phane BERN, et consacr\u00e9e \u00e0 \u00ab&nbsp;Lucr\u00e8ce Borgia, une femme au Vatican&nbsp;\u00bb. Le 22<\/p>\n\t\t<\/div>\n\t\t\n\t\t<a class=\"elementor-post__read-more\" href=\"https:\/\/vichot.com\/en\/tournage-secrets-dhistoire-lucrece-borgia\/\" aria-label=\"Read more about Tournage Secrets d&rsquo;histoire: Lucr\u00e8ce Borgia\" tabindex=\"-1\" >\n\t\t\tLire plus \u00bb\t\t<\/a>\n\n\t\t\t\t<\/div>\n\t\t\t\t<\/article>\n\t\t\t\t<article class=\"elementor-post elementor-grid-item post-406 post type-post status-publish format-standard has-post-thumbnail hentry category-news\">\n\t\t\t\t<a class=\"elementor-post__thumbnail__link\" href=\"https:\/\/vichot.com\/en\/noel-au-carre-rive-gauche\/\" tabindex=\"-1\" >\n\t\t\t<div class=\"elementor-post__thumbnail\"><img loading=\"lazy\" decoding=\"async\" width=\"226\" height=\"300\" src=\"https:\/\/vichot.com\/wp-content\/uploads\/2019\/12\/2019-NOELAUCARRE_DEF-2-1-226x300.jpg\" class=\"attachment-medium size-medium wp-image-411\" alt=\"\" srcset=\"https:\/\/vichot.com\/wp-content\/uploads\/2019\/12\/2019-NOELAUCARRE_DEF-2-1-226x300.jpg 226w, https:\/\/vichot.com\/wp-content\/uploads\/2019\/12\/2019-NOELAUCARRE_DEF-2-1-905x1200.jpg 905w, https:\/\/vichot.com\/wp-content\/uploads\/2019\/12\/2019-NOELAUCARRE_DEF-2-1-768x1019.jpg 768w, https:\/\/vichot.com\/wp-content\/uploads\/2019\/12\/2019-NOELAUCARRE_DEF-2-1-1158x1536.jpg 1158w, https:\/\/vichot.com\/wp-content\/uploads\/2019\/12\/2019-NOELAUCARRE_DEF-2-1.jpg 1200w\" sizes=\"(max-width: 226px) 100vw, 226px\" \/><\/div>\n\t\t<\/a>\n\t\t\t\t<div class=\"elementor-post__text\">\n\t\t\t\t<h3 class=\"elementor-post__title\">\n\t\t\t<a href=\"https:\/\/vichot.com\/en\/noel-au-carre-rive-gauche\/\" >\n\t\t\t\tChristmas at the Carr\u00e9 Left Bank\t\t\t<\/a>\n\t\t<\/h3>\n\t\t\t\t<div class=\"elementor-post__meta-data\">\n\t\t\t\t\t<span class=\"elementor-post-date\">\n\t\t\t11\/12\/2019\t\t<\/span>\n\t\t\t\t<\/div>\n\t\t\t\t<div class=\"elementor-post__excerpt\">\n\t\t\t<p>A l\u2019approche des f\u00eates de fin d\u2019ann\u00e9e, les vitrines antiquaires et galeries du Carr\u00e9 Rive Gauche se parent de leurs plus beaux atours pour c\u00e9l\u00e9brer<\/p>\n\t\t<\/div>\n\t\t\n\t\t<a class=\"elementor-post__read-more\" href=\"https:\/\/vichot.com\/en\/noel-au-carre-rive-gauche\/\" aria-label=\"Read more about No\u00ebl au Carr\u00e9 Rive gauche\" tabindex=\"-1\" >\n\t\t\tLire plus \u00bb\t\t<\/a>\n\n\t\t\t\t<\/div>\n\t\t\t\t<\/article>\n\t\t\t\t<article class=\"elementor-post elementor-grid-item post-1258 post type-post status-publish format-standard has-post-thumbnail hentry category-news\">\n\t\t\t\t<a class=\"elementor-post__thumbnail__link\" href=\"https:\/\/vichot.com\/en\/philippe-vichot-dans-numero-39\/\" tabindex=\"-1\" >\n\t\t\t<div class=\"elementor-post__thumbnail\"><img loading=\"lazy\" decoding=\"async\" width=\"250\" height=\"300\" src=\"https:\/\/vichot.com\/wp-content\/uploads\/2020\/04\/Vichot-250x300.jpg\" class=\"attachment-medium size-medium wp-image-1269\" alt=\"\" srcset=\"https:\/\/vichot.com\/wp-content\/uploads\/2020\/04\/Vichot-250x300.jpg 250w, https:\/\/vichot.com\/wp-content\/uploads\/2020\/04\/Vichot-768x922.jpg 768w, https:\/\/vichot.com\/wp-content\/uploads\/2020\/04\/Vichot.jpg 1000w\" sizes=\"(max-width: 250px) 100vw, 250px\" \/><\/div>\n\t\t<\/a>\n\t\t\t\t<div class=\"elementor-post__text\">\n\t\t\t\t<h3 class=\"elementor-post__title\">\n\t\t\t<a href=\"https:\/\/vichot.com\/en\/philippe-vichot-dans-numero-39\/\" >\n\t\t\t\tPhilippe Vichot dans Numero 39\t\t\t<\/a>\n\t\t<\/h3>\n\t\t\t\t<div class=\"elementor-post__meta-data\">\n\t\t\t\t\t<span class=\"elementor-post-date\">\n\t\t\t16\/08\/2019\t\t<\/span>\n\t\t\t\t<\/div>\n\t\t\t\t<div class=\"elementor-post__excerpt\">\n\t\t\t<p>La 2\u00e8me \u00e9dition du magazine Num\u00e9ro 39 accorde un grand entretien \u00e0 Philippe Vichot, qui se confie sur ses racines jurassiennes, et sa passion des<\/p>\n\t\t<\/div>\n\t\t\n\t\t<a class=\"elementor-post__read-more\" href=\"https:\/\/vichot.com\/en\/philippe-vichot-dans-numero-39\/\" aria-label=\"Read more about Philippe Vichot dans Numero 39\" tabindex=\"-1\" >\n\t\t\tLire plus \u00bb\t\t<\/a>\n\n\t\t\t\t<\/div>\n\t\t\t\t<\/article>\n\t\t\t\t<article class=\"elementor-post elementor-grid-item post-1209 post type-post status-publish format-standard has-post-thumbnail hentry category-news\">\n\t\t\t\t<a class=\"elementor-post__thumbnail__link\" href=\"https:\/\/vichot.com\/en\/charles-gaffiot\/\" tabindex=\"-1\" >\n\t\t\t<div class=\"elementor-post__thumbnail\"><img loading=\"lazy\" decoding=\"async\" width=\"211\" height=\"300\" src=\"https:\/\/vichot.com\/wp-content\/uploads\/2020\/04\/4-invit-maison-lorraine1-1-211x300.jpg\" class=\"attachment-medium size-medium wp-image-1210\" alt=\"\" srcset=\"https:\/\/vichot.com\/wp-content\/uploads\/2020\/04\/4-invit-maison-lorraine1-1-211x300.jpg 211w, https:\/\/vichot.com\/wp-content\/uploads\/2020\/04\/4-invit-maison-lorraine1-1-768x1090.jpg 768w, https:\/\/vichot.com\/wp-content\/uploads\/2020\/04\/4-invit-maison-lorraine1-1.jpg 1000w\" sizes=\"(max-width: 211px) 100vw, 211px\" \/><\/div>\n\t\t<\/a>\n\t\t\t\t<div class=\"elementor-post__text\">\n\t\t\t\t<h3 class=\"elementor-post__title\">\n\t\t\t<a href=\"https:\/\/vichot.com\/en\/charles-gaffiot\/\" >\n\t\t\t\tSignature et pr\u00e9sentation de son dernier ouvrage consacr\u00e9 aux collections de la Maison de Lorraine par Monsieur Jacques Charles-Gaffiot\t\t\t<\/a>\n\t\t<\/h3>\n\t\t\t\t<div class=\"elementor-post__meta-data\">\n\t\t\t\t\t<span class=\"elementor-post-date\">\n\t\t\t23\/06\/2019\t\t<\/span>\n\t\t\t\t<\/div>\n\t\t\t\t<div class=\"elementor-post__excerpt\">\n\t\t\t<p>Le jeudi 20 juin 2019, la galerie a le plaisir d\u2019accueillir Monsieur Jacques Charles-Gaffiot pour la signature et la pr\u00e9sentation de son dernier ouvrage \u00ab&nbsp;Collections<\/p>\n\t\t<\/div>\n\t\t\n\t\t<a class=\"elementor-post__read-more\" href=\"https:\/\/vichot.com\/en\/charles-gaffiot\/\" aria-label=\"Read more about Signature et pr\u00e9sentation de son dernier ouvrage consacr\u00e9 aux collections de la Maison de Lorraine par Monsieur Jacques Charles-Gaffiot\" tabindex=\"-1\" >\n\t\t\tLire plus \u00bb\t\t<\/a>\n\n\t\t\t\t<\/div>\n\t\t\t\t<\/article>\n\t\t\t\t<article class=\"elementor-post elementor-grid-item post-1270 post type-post status-publish format-standard has-post-thumbnail hentry category-news\">\n\t\t\t\t<a class=\"elementor-post__thumbnail__link\" href=\"https:\/\/vichot.com\/en\/lestampille-lobjet-dart\/\" tabindex=\"-1\" >\n\t\t\t<div class=\"elementor-post__thumbnail\"><img loading=\"lazy\" decoding=\"async\" width=\"250\" height=\"300\" src=\"https:\/\/vichot.com\/wp-content\/uploads\/2020\/04\/portrait-fevrier-2017-2-250x300.jpg\" class=\"attachment-medium size-medium wp-image-1275\" alt=\"\" srcset=\"https:\/\/vichot.com\/wp-content\/uploads\/2020\/04\/portrait-fevrier-2017-2-250x300.jpg 250w, https:\/\/vichot.com\/wp-content\/uploads\/2020\/04\/portrait-fevrier-2017-2-768x922.jpg 768w, https:\/\/vichot.com\/wp-content\/uploads\/2020\/04\/portrait-fevrier-2017-2.jpg 1000w\" sizes=\"(max-width: 250px) 100vw, 250px\" \/><\/div>\n\t\t<\/a>\n\t\t\t\t<div class=\"elementor-post__text\">\n\t\t\t\t<h3 class=\"elementor-post__title\">\n\t\t\t<a href=\"https:\/\/vichot.com\/en\/lestampille-lobjet-dart\/\" >\n\t\t\t\tL&rsquo;estampille L&rsquo;objet d&rsquo;Art\t\t\t<\/a>\n\t\t<\/h3>\n\t\t\t\t<div class=\"elementor-post__meta-data\">\n\t\t\t\t\t<span class=\"elementor-post-date\">\n\t\t\t19\/04\/2018\t\t<\/span>\n\t\t\t\t<\/div>\n\t\t\t\t<div class=\"elementor-post__excerpt\">\n\t\t\t<p>Le magazine L\u2019Estampille L\u2019Objet d\u2019Art consacre un entretien \u00e0 Philippe Vichot qui nous d\u00e9voile quelques unes de ses plus belles d\u00e9couvertes. Un article de Olivier<\/p>\n\t\t<\/div>\n\t\t\n\t\t<a class=\"elementor-post__read-more\" href=\"https:\/\/vichot.com\/en\/lestampille-lobjet-dart\/\" aria-label=\"Read more about L&rsquo;estampille L&rsquo;objet d&rsquo;Art\" tabindex=\"-1\" >\n\t\t\tLire plus \u00bb\t\t<\/a>\n\n\t\t\t\t<\/div>\n\t\t\t\t<\/article>\n\t\t\t\t<article class=\"elementor-post elementor-grid-item post-377 post type-post status-publish format-standard has-post-thumbnail hentry category-news\">\n\t\t\t\t<a class=\"elementor-post__thumbnail__link\" href=\"https:\/\/vichot.com\/en\/ad-magazine\/\" tabindex=\"-1\" >\n\t\t\t<div class=\"elementor-post__thumbnail\"><img loading=\"lazy\" decoding=\"async\" width=\"205\" height=\"300\" src=\"https:\/\/vichot.com\/wp-content\/uploads\/2019\/12\/AD-le-grand-mix-parution-2015-205x300.jpg\" class=\"attachment-medium size-medium wp-image-379\" alt=\"\" srcset=\"https:\/\/vichot.com\/wp-content\/uploads\/2019\/12\/AD-le-grand-mix-parution-2015-205x300.jpg 205w, https:\/\/vichot.com\/wp-content\/uploads\/2019\/12\/AD-le-grand-mix-parution-2015.jpg 700w\" sizes=\"(max-width: 205px) 100vw, 205px\" \/><\/div>\n\t\t<\/a>\n\t\t\t\t<div class=\"elementor-post__text\">\n\t\t\t\t<h3 class=\"elementor-post__title\">\n\t\t\t<a href=\"https:\/\/vichot.com\/en\/ad-magazine\/\" >\n\t\t\t\tAD Magazine\t\t\t<\/a>\n\t\t<\/h3>\n\t\t\t\t<div class=\"elementor-post__meta-data\">\n\t\t\t\t\t<span class=\"elementor-post-date\">\n\t\t\t01\/12\/2017\t\t<\/span>\n\t\t\t\t<\/div>\n\t\t\t\t<div class=\"elementor-post__excerpt\">\n\t\t\t<p>la Galerie Philippe Vichot collabore r\u00e9guli\u00e8rement avec des d\u00e9corateurs et des magazines de d\u00e9coration a fin de faire conna\u00eetre les possibilit\u00e9s de mix &amp; match<\/p>\n\t\t<\/div>\n\t\t\n\t\t<a class=\"elementor-post__read-more\" href=\"https:\/\/vichot.com\/en\/ad-magazine\/\" aria-label=\"Read more about AD Magazine\" tabindex=\"-1\" >\n\t\t\tLire plus \u00bb\t\t<\/a>\n\n\t\t\t\t<\/div>\n\t\t\t\t<\/article>\n\t\t\t\t<\/div>\n\t\t\n\t\t\t\t\t\t<\/div>\n\t\t\t\t<\/div>\n\t\t\t\t\t<\/div>\n\t\t<\/div>\n\t\t\t\t\t<\/div>\n\t\t<\/section>\n\t\t\t\t<section class=\"elementor-section elementor-top-section elementor-element elementor-element-62297c8b elementor-section-boxed elementor-section-height-default elementor-section-height-default\" data-id=\"62297c8b\" data-element_type=\"section\" data-e-type=\"section\">\n\t\t\t\t\t\t<div class=\"elementor-container elementor-column-gap-default\">\n\t\t\t\t\t<div class=\"elementor-column elementor-col-100 elementor-top-column elementor-element elementor-element-5f4c6a59\" data-id=\"5f4c6a59\" data-element_type=\"column\" data-e-type=\"column\">\n\t\t\t<div class=\"elementor-widget-wrap elementor-element-populated\">\n\t\t\t\t\t\t<div class=\"elementor-element elementor-element-1a78eecf elementor-widget elementor-widget-spacer\" data-id=\"1a78eecf\" data-element_type=\"widget\" data-e-type=\"widget\" data-widget_type=\"spacer.default\">\n\t\t\t\t<div class=\"elementor-widget-container\">\n\t\t\t\t\t\t\t<div class=\"elementor-spacer\">\n\t\t\t<div class=\"elementor-spacer-inner\"><\/div>\n\t\t<\/div>\n\t\t\t\t\t\t<\/div>\n\t\t\t\t<\/div>\n\t\t\t\t\t<\/div>\n\t\t<\/div>\n\t\t\t\t\t<\/div>\n\t\t<\/section>\n\t\t\t\t<section class=\"elementor-section elementor-top-section elementor-element elementor-element-1a3c1af8 elementor-section-stretched elementor-section-full_width elementor-section-content-bottom elementor-section-height-default elementor-section-height-default\" data-id=\"1a3c1af8\" data-element_type=\"section\" data-e-type=\"section\" data-settings=\"{&quot;stretch_section&quot;:&quot;section-stretched&quot;}\">\n\t\t\t\t\t\t<div class=\"elementor-container elementor-column-gap-no\">\n\t\t\t\t\t<div class=\"elementor-column elementor-col-100 elementor-top-column elementor-element elementor-element-4a828656\" data-id=\"4a828656\" data-element_type=\"column\" data-e-type=\"column\">\n\t\t\t<div class=\"elementor-widget-wrap elementor-element-populated\">\n\t\t\t\t\t\t<div class=\"elementor-element elementor-element-500e8921 elementor-widget elementor-widget-text-editor\" data-id=\"500e8921\" data-element_type=\"widget\" data-e-type=\"widget\" data-widget_type=\"text-editor.default\">\n\t\t\t\t<div class=\"elementor-widget-container\">\n\t\t\t\t\t\t\t\t\t<p>Philippe Vichot &#8211; 37 Rue de Lille, 75007 Paris &#8211; 0033 (0) 1 40 15 00 81 &#8211; philippe@vichot.com<\/p>\t\t\t\t\t\t\t\t<\/div>\n\t\t\t\t<\/div>\n\t\t\t\t\t<\/div>\n\t\t<\/div>\n\t\t\t\t\t<\/div>\n\t\t<\/section>\n\t\t\t\t<\/div>","protected":false},"excerpt":{"rendered":"<p>Artboard 1 PHILIPPE VICHOT &#8211; ANTIQUAIRE Menu News &#8211; archives Philippe Vichot &#8211; 37 Rue de Lille, 75007 Paris &#8211; 0033 (0) 1 40 15 00 81 &#8211; philippe@vichot.com<\/p>","protected":false},"author":1,"featured_media":0,"parent":0,"menu_order":0,"comment_status":"closed","ping_status":"closed","template":"elementor_canvas","meta":{"_acf_changed":false,"footnotes":""},"class_list":["post-1222","page","type-page","status-publish","hentry"],"acf":[],"_links":{"self":[{"href":"https:\/\/vichot.com\/en\/wp-json\/wp\/v2\/pages\/1222"}],"collection":[{"href":"https:\/\/vichot.com\/en\/wp-json\/wp\/v2\/pages"}],"about":[{"href":"https:\/\/vichot.com\/en\/wp-json\/wp\/v2\/types\/page"}],"author":[{"embeddable":true,"href":"https:\/\/vichot.com\/en\/wp-json\/wp\/v2\/users\/1"}],"replies":[{"embeddable":true,"href":"https:\/\/vichot.com\/en\/wp-json\/wp\/v2\/comments?post=1222"}],"version-history":[{"count":5,"href":"https:\/\/vichot.com\/en\/wp-json\/wp\/v2\/pages\/1222\/revisions"}],"predecessor-version":[{"id":1331,"href":"https:\/\/vichot.com\/en\/wp-json\/wp\/v2\/pages\/1222\/revisions\/1331"}],"wp:attachment":[{"href":"https:\/\/vichot.com\/en\/wp-json\/wp\/v2\/media?parent=1222"}],"curies":[{"name":"wp","href":"https:\/\/api.w.org\/{rel}","templated":true}]}}